{"id":15,"date":"2026-02-03T19:48:02","date_gmt":"2026-02-03T18:48:02","guid":{"rendered":"https:\/\/laflechemareilloise.fr\/?page_id=15"},"modified":"2026-02-03T19:48:02","modified_gmt":"2026-02-03T18:48:02","slug":"inscriptions-et-tarifs","status":"publish","type":"page","link":"https:\/\/laflechemareilloise.fr\/index.php\/inscriptions-et-tarifs\/","title":{"rendered":"Inscriptions et Tarifs"},"content":{"rendered":"\n<p>TARIFS SAISON 2025 \u2013 2026<\/p>\n\n\n\n<p>INSCRIPTION:<\/p>\n\n\n\n<p>Adulte : 279\u20ac<br>Enfant (10- \u00e0 21 ans) : 253\u20ac<br>Comprend : la cotisation, le petit mat\u00e9riel et la licence f\u00e9d\u00e9rale<\/p>\n\n\n\n<p>Les Cours D\u00e9butant ont lieu le samedi matin de 10h30 \u00e0 12h au gymnase du champs des oiseaux \u00e0 Marly le Roi.<\/p>\n\n\n\n<p>REINSCRIPTION:<\/p>\n\n\n\n<p>Adulte : 201\u20ac (pratique en club) \/ 214\u20ac (en comp\u00e9tition)<br>Enfant (10 \u00e0 21 ans) : 188\u20ac<\/p>\n\n\n\n<p>AUTRE:<br>-Droit d\u2019entr\u00e9e second club : 115\u20ac pour le terrain seul \/ 140\u20ac avec entra\u00eeneur<\/p>\n\n\n\n<p>POLE COMPETITION :<br>-100\u20ac suppl\u00e9ment<br>2 entrainements minimum par semaine.<\/p>\n\n\n\n<p>Entrainement:<br>\u2013 lundi 20h30-22h30 au gymnase rue d\u2019Alger \u00e0 St Germain ou terrain des Bois Noirs selon la saison<br>\u2013 mardi 20h45-22h45 au gymnase Jean Moulin Quai du 8 mai 1945&nbsp; au Pecq<br>\u2013 vendredi 20h30-22h30 au gymnase rue d\u2019Alger \u00e0 St Germain<br>\u2013 samedi 09h-12h sur le terrain des Bois Noirs ou gymnase de Marly le Roi selon la saison<\/p>\n\n\n\n<p>-terrain des Bois Noir de Mareil-Marly accessible toute l\u2019ann\u00e9e pour les adultes. Se renseigner aupr\u00e8s d\u2019un membre du bureau.<\/p>\n","protected":false},"excerpt":{"rendered":"<p>TARIFS SAISON 2025 \u2013 2026 INSCRIPTION: Adulte : 279\u20acEnfant (10- \u00e0 21 ans) : 253\u20acComprend : la cotisation, le petit mat\u00e9riel et la licence f\u00e9d\u00e9rale Les Cours D\u00e9butant ont lieu le samedi matin de 10h30 \u00e0 12h au gymnase du champs des oiseaux \u00e0 Marly le Roi. REINSCRIPTION: Adulte : 201\u20ac (pratique en club) \/ &#8230; <a title=\"Inscriptions et Tarifs\" class=\"read-more\" href=\"https:\/\/laflechemareilloise.fr\/index.php\/inscriptions-et-tarifs\/\" aria-label=\"En savoir plus sur Inscriptions et Tarifs\">Lire la suite<\/a><\/p>\n","protected":false},"author":1,"featured_media":0,"parent":0,"menu_order":0,"comment_status":"closed","ping_status":"closed","template":"","meta":{"ngg_post_thumbnail":0,"footnotes":""},"class_list":["post-15","page","type-page","status-publish"],"_links":{"self":[{"href":"https:\/\/laflechemareilloise.fr\/index.php\/wp-json\/wp\/v2\/pages\/15","targetHints":{"allow":["GET"]}}],"collection":[{"href":"https:\/\/laflechemareilloise.fr\/index.php\/wp-json\/wp\/v2\/pages"}],"about":[{"href":"https:\/\/laflechemareilloise.fr\/index.php\/wp-json\/wp\/v2\/types\/page"}],"author":[{"embeddable":true,"href":"https:\/\/laflechemareilloise.fr\/index.php\/wp-json\/wp\/v2\/users\/1"}],"replies":[{"embeddable":true,"href":"https:\/\/laflechemareilloise.fr\/index.php\/wp-json\/wp\/v2\/comments?post=15"}],"version-history":[{"count":1,"href":"https:\/\/laflechemareilloise.fr\/index.php\/wp-json\/wp\/v2\/pages\/15\/revisions"}],"predecessor-version":[{"id":16,"href":"https:\/\/laflechemareilloise.fr\/index.php\/wp-json\/wp\/v2\/pages\/15\/revisions\/16"}],"wp:attachment":[{"href":"https:\/\/laflechemareilloise.fr\/index.php\/wp-json\/wp\/v2\/media?parent=15"}],"curies":[{"name":"wp","href":"https:\/\/api.w.org\/{rel}","templated":true}]}}