{"id":17,"date":"2026-02-03T19:48:09","date_gmt":"2026-02-03T18:48:09","guid":{"rendered":"https:\/\/laflechemareilloise.fr\/?page_id=17"},"modified":"2026-02-04T19:20:12","modified_gmt":"2026-02-04T18:20:12","slug":"les-membres-du-bureau","status":"publish","type":"page","link":"https:\/\/laflechemareilloise.fr\/index.php\/les-membres-du-bureau\/","title":{"rendered":"Les Membres du Bureau"},"content":{"rendered":"\n<p>LA FLECHE MAREILLOISE<\/p>\n\n\n\n<p>Pr\u00e9sident : Fabrice MARTIN&nbsp;&nbsp;&nbsp; president.laflechemareilloise@gmail.com<\/p>\n\n\n\n<p>Secr\u00e9taire :J\u00e9r\u00e9my GALONZKA&nbsp;&nbsp; laflechemareilloise@gmail.com<\/p>\n\n\n\n<p>Tr\u00e9sori\u00e8re : Elsie LAUMONT<\/p>\n\n\n\n<p>Membre d\u2019honneur: Michel BREUIL<\/p>\n\n\n\n<p>Responsable \u00e9v\u00e9nementiel : Hugo BERNADY<\/p>\n\n\n\n<p>Capitaine et Responsable du terrain : Bruno PROUST<\/p>\n\n\n\n<p>Membres : <br>Julie POUVELLARIE<\/p>\n\n\n\n<p>Christopher PEARSON<\/p>\n\n\n\n<p>Thierry FOUQUERAY<\/p>\n\n\n\n<p><\/p>\n","protected":false},"excerpt":{"rendered":"<p>LA FLECHE MAREILLOISE Pr\u00e9sident : Fabrice MARTIN&nbsp;&nbsp;&nbsp; president.laflechemareilloise@gmail.com Secr\u00e9taire :J\u00e9r\u00e9my GALONZKA&nbsp;&nbsp; laflechemareilloise@gmail.com Tr\u00e9sori\u00e8re : Elsie LAUMONT Membre d\u2019honneur: Michel BREUIL Responsable \u00e9v\u00e9nementiel : Hugo BERNADY Capitaine et Responsable du terrain : Bruno PROUST Membres : Julie POUVELLARIE Christopher PEARSON Thierry FOUQUERAY<\/p>\n","protected":false},"author":1,"featured_media":0,"parent":0,"menu_order":0,"comment_status":"closed","ping_status":"closed","template":"","meta":{"ngg_post_thumbnail":0,"footnotes":""},"class_list":["post-17","page","type-page","status-publish"],"_links":{"self":[{"href":"https:\/\/laflechemareilloise.fr\/index.php\/wp-json\/wp\/v2\/pages\/17","targetHints":{"allow":["GET"]}}],"collection":[{"href":"https:\/\/laflechemareilloise.fr\/index.php\/wp-json\/wp\/v2\/pages"}],"about":[{"href":"https:\/\/laflechemareilloise.fr\/index.php\/wp-json\/wp\/v2\/types\/page"}],"author":[{"embeddable":true,"href":"https:\/\/laflechemareilloise.fr\/index.php\/wp-json\/wp\/v2\/users\/1"}],"replies":[{"embeddable":true,"href":"https:\/\/laflechemareilloise.fr\/index.php\/wp-json\/wp\/v2\/comments?post=17"}],"version-history":[{"count":2,"href":"https:\/\/laflechemareilloise.fr\/index.php\/wp-json\/wp\/v2\/pages\/17\/revisions"}],"predecessor-version":[{"id":25,"href":"https:\/\/laflechemareilloise.fr\/index.php\/wp-json\/wp\/v2\/pages\/17\/revisions\/25"}],"wp:attachment":[{"href":"https:\/\/laflechemareilloise.fr\/index.php\/wp-json\/wp\/v2\/media?parent=17"}],"curies":[{"name":"wp","href":"https:\/\/api.w.org\/{rel}","templated":true}]}}